{"id":11,"date":"2017-09-03T15:32:34","date_gmt":"2017-09-03T13:32:34","guid":{"rendered":"http:\/\/provya.fr\/?page_id=11"},"modified":"2025-11-10T16:17:42","modified_gmt":"2025-11-10T15:17:42","slug":"contact","status":"publish","type":"page","link":"https:\/\/provya.fr\/index.php\/contact\/","title":{"rendered":"Contact"},"content":{"rendered":"\n<p>Besoin de nos services ?<br>\nNous r\u00e9pondrons \u00e0 toutes vos questions avec plaisir.<\/p>\n\n\n\n<h4 class=\"wp-block-heading\">Coordonn\u00e9es<\/h4>\n\n\n\n<p>Pour nous joindre par e-mail : <strong>contact@provya.fr<\/strong><\/p>\n\n\n\n<p class=\"has-text-align-center\"><a href=\"https:\/\/provya.fr\/index.php\/mentions-legales\/\">Mentions l\u00e9gales<\/a><\/p>\n","protected":false},"excerpt":{"rendered":"<p>Besoin de nos services ? Nous r\u00e9pondrons \u00e0 toutes vos questions avec plaisir. Coordonn\u00e9es Pour nous joindre par e-mail : contact@provya.fr Mentions l\u00e9gales<\/p>\n","protected":false},"author":1,"featured_media":0,"parent":0,"menu_order":0,"comment_status":"closed","ping_status":"closed","template":"","meta":{"footnotes":""},"class_list":["post-11","page","type-page","status-publish","hentry"],"yoast_head":"<!-- This site is optimized with the Yoast SEO plugin v26.4 - https:\/\/yoast.com\/wordpress\/plugins\/seo\/ -->\n<title>Contact - Provya<\/title>\n<meta name=\"robots\" content=\"index, follow, max-snippet:-1, max-image-preview:large, max-video-preview:-1\" \/>\n<link rel=\"canonical\" href=\"https:\/\/provya.fr\/index.php\/contact\/\" \/>\n<meta property=\"og:locale\" content=\"fr_FR\" \/>\n<meta property=\"og:type\" content=\"article\" \/>\n<meta property=\"og:title\" content=\"Contact - Provya\" \/>\n<meta property=\"og:description\" content=\"Besoin de nos services ? Nous r\u00e9pondrons \u00e0 toutes vos questions avec plaisir. Coordonn\u00e9es Pour nous joindre par e-mail : contact@provya.fr Mentions l\u00e9gales\" \/>\n<meta property=\"og:url\" content=\"https:\/\/provya.fr\/index.php\/contact\/\" \/>\n<meta property=\"og:site_name\" content=\"Provya\" \/>\n<meta property=\"article:modified_time\" content=\"2025-11-10T15:17:42+00:00\" \/>\n<meta name=\"twitter:card\" content=\"summary_large_image\" \/>\n<meta name=\"twitter:label1\" content=\"Dur\u00e9e de lecture estim\u00e9e\" \/>\n\t<meta name=\"twitter:data1\" content=\"1 minute\" \/>\n<script type=\"application\/ld+json\" class=\"yoast-schema-graph\">{\"@context\":\"https:\/\/schema.org\",\"@graph\":[{\"@type\":\"WebPage\",\"@id\":\"https:\/\/provya.fr\/index.php\/contact\/\",\"url\":\"https:\/\/provya.fr\/index.php\/contact\/\",\"name\":\"Contact - Provya\",\"isPartOf\":{\"@id\":\"https:\/\/provya.fr\/#website\"},\"datePublished\":\"2017-09-03T13:32:34+00:00\",\"dateModified\":\"2025-11-10T15:17:42+00:00\",\"breadcrumb\":{\"@id\":\"https:\/\/provya.fr\/index.php\/contact\/#breadcrumb\"},\"inLanguage\":\"fr-FR\",\"potentialAction\":[{\"@type\":\"ReadAction\",\"target\":[\"https:\/\/provya.fr\/index.php\/contact\/\"]}]},{\"@type\":\"BreadcrumbList\",\"@id\":\"https:\/\/provya.fr\/index.php\/contact\/#breadcrumb\",\"itemListElement\":[{\"@type\":\"ListItem\",\"position\":1,\"name\":\"Accueil\",\"item\":\"https:\/\/provya.fr\/\"},{\"@type\":\"ListItem\",\"position\":2,\"name\":\"Contact\"}]},{\"@type\":\"WebSite\",\"@id\":\"https:\/\/provya.fr\/#website\",\"url\":\"https:\/\/provya.fr\/\",\"name\":\"Provya\",\"description\":\"Expertise et firewall pour le logiciel pfSense\",\"potentialAction\":[{\"@type\":\"SearchAction\",\"target\":{\"@type\":\"EntryPoint\",\"urlTemplate\":\"https:\/\/provya.fr\/?s={search_term_string}\"},\"query-input\":{\"@type\":\"PropertyValueSpecification\",\"valueRequired\":true,\"valueName\":\"search_term_string\"}}],\"inLanguage\":\"fr-FR\"}]}<\/script>\n<!-- \/ Yoast SEO plugin. -->","yoast_head_json":{"title":"Contact - Provya","robots":{"index":"index","follow":"follow","max-snippet":"max-snippet:-1","max-image-preview":"max-image-preview:large","max-video-preview":"max-video-preview:-1"},"canonical":"https:\/\/provya.fr\/index.php\/contact\/","og_locale":"fr_FR","og_type":"article","og_title":"Contact - Provya","og_description":"Besoin de nos services ? Nous r\u00e9pondrons \u00e0 toutes vos questions avec plaisir. Coordonn\u00e9es Pour nous joindre par e-mail : contact@provya.fr Mentions l\u00e9gales","og_url":"https:\/\/provya.fr\/index.php\/contact\/","og_site_name":"Provya","article_modified_time":"2025-11-10T15:17:42+00:00","twitter_card":"summary_large_image","twitter_misc":{"Dur\u00e9e de lecture estim\u00e9e":"1 minute"},"schema":{"@context":"https:\/\/schema.org","@graph":[{"@type":"WebPage","@id":"https:\/\/provya.fr\/index.php\/contact\/","url":"https:\/\/provya.fr\/index.php\/contact\/","name":"Contact - Provya","isPartOf":{"@id":"https:\/\/provya.fr\/#website"},"datePublished":"2017-09-03T13:32:34+00:00","dateModified":"2025-11-10T15:17:42+00:00","breadcrumb":{"@id":"https:\/\/provya.fr\/index.php\/contact\/#breadcrumb"},"inLanguage":"fr-FR","potentialAction":[{"@type":"ReadAction","target":["https:\/\/provya.fr\/index.php\/contact\/"]}]},{"@type":"BreadcrumbList","@id":"https:\/\/provya.fr\/index.php\/contact\/#breadcrumb","itemListElement":[{"@type":"ListItem","position":1,"name":"Accueil","item":"https:\/\/provya.fr\/"},{"@type":"ListItem","position":2,"name":"Contact"}]},{"@type":"WebSite","@id":"https:\/\/provya.fr\/#website","url":"https:\/\/provya.fr\/","name":"Provya","description":"Expertise et firewall pour le logiciel pfSense","potentialAction":[{"@type":"SearchAction","target":{"@type":"EntryPoint","urlTemplate":"https:\/\/provya.fr\/?s={search_term_string}"},"query-input":{"@type":"PropertyValueSpecification","valueRequired":true,"valueName":"search_term_string"}}],"inLanguage":"fr-FR"}]}},"_links":{"self":[{"href":"https:\/\/provya.fr\/index.php\/wp-json\/wp\/v2\/pages\/11","targetHints":{"allow":["GET"]}}],"collection":[{"href":"https:\/\/provya.fr\/index.php\/wp-json\/wp\/v2\/pages"}],"about":[{"href":"https:\/\/provya.fr\/index.php\/wp-json\/wp\/v2\/types\/page"}],"author":[{"embeddable":true,"href":"https:\/\/provya.fr\/index.php\/wp-json\/wp\/v2\/users\/1"}],"replies":[{"embeddable":true,"href":"https:\/\/provya.fr\/index.php\/wp-json\/wp\/v2\/comments?post=11"}],"version-history":[{"count":9,"href":"https:\/\/provya.fr\/index.php\/wp-json\/wp\/v2\/pages\/11\/revisions"}],"predecessor-version":[{"id":1006,"href":"https:\/\/provya.fr\/index.php\/wp-json\/wp\/v2\/pages\/11\/revisions\/1006"}],"wp:attachment":[{"href":"https:\/\/provya.fr\/index.php\/wp-json\/wp\/v2\/media?parent=11"}],"curies":[{"name":"wp","href":"https:\/\/api.w.org\/{rel}","templated":true}]}}