{"id":180,"date":"2018-01-16T14:41:33","date_gmt":"2018-01-16T13:41:33","guid":{"rendered":"http:\/\/provya.fr\/?page_id=180"},"modified":"2021-10-03T09:59:37","modified_gmt":"2021-10-03T07:59:37","slug":"firewall-pro-soho","status":"publish","type":"page","link":"https:\/\/provya.fr\/index.php\/firewall-pour-pfsense\/firewall-pro-soho\/","title":{"rendered":"Firewall pro-Soho pour pfSense"},"content":{"rendered":"<div id=\"prov-haut\">\n<div id=\"prov-prez-fw\">\n<p>pro-Soho<\/p>\n<div id=\"prov-ico-pan\"><a href=\"https:\/\/store.provya.fr\/firewall-pour-pfsense\/20-40-firewall-pour-pfsense-2-ports-gbps-quad-core-ssd-soho-tpe-pme.html\">Achetez en ligne<\/a><\/div>\n<\/div>\n<div id=\"prov-img-fw\"><img loading=\"lazy\" decoding=\"async\" class=\"aligncenter wp-image-513 size-medium\" src=\"https:\/\/provya.fr\/wp-content\/uploads\/2021\/10\/firewall-pro-Soho-Provya-01-300x300.jpg\" alt=\"\" width=\"300\" height=\"300\" srcset=\"https:\/\/provya.fr\/wp-content\/uploads\/2021\/10\/firewall-pro-Soho-Provya-01-300x300.jpg 300w, https:\/\/provya.fr\/wp-content\/uploads\/2021\/10\/firewall-pro-Soho-Provya-01-150x150.jpg 150w, https:\/\/provya.fr\/wp-content\/uploads\/2021\/10\/firewall-pro-Soho-Provya-01-768x768.jpg 768w, https:\/\/provya.fr\/wp-content\/uploads\/2021\/10\/firewall-pro-Soho-Provya-01-100x100.jpg 100w, https:\/\/provya.fr\/wp-content\/uploads\/2021\/10\/firewall-pro-Soho-Provya-01.jpg 800w\" sizes=\"auto, (max-width: 300px) 100vw, 300px\" \/><\/div>\n<div><\/div>\n<\/div>\n<div id=\"prov-txt-fw\">\n<hr \/>\n<p>Le firewall pro-Soho est une box que nous avons con\u00e7u pour le logiciel pfSense.<\/p>\n<p>Il r\u00e9pond aux derniers pr\u00e9-requis techniques pour accueillir les toutes derni\u00e8res versions de pfSense et les suivantes.<\/p>\n<p>Il embarque un processeur Intel i3 64 bits et supporte l&rsquo;AES-NI (acc\u00e9l\u00e9ration cryptographique).<\/p>\n<p>Le pro-Soho dispose de 2 interfaces Gigabits supportant les VLANs.<\/p>\n<p>Il tourne sur un disque-dur SSD particuli\u00e8rement v\u00e9loce.<\/p>\n<p>Son faible co\u00fbt et son faible encombrement en font le firewall id\u00e9al pour les petites structures, les magasins ou la maison.<\/p>\n<p>\u00c9conomique et \u00e9cologique, il ne chauffe presque pas et n&rsquo;a donc pas besoin de ventilateur pour assurer son refroidissement. C&rsquo;est donc un firewall parfaitement silencieux qui peut \u00eatre ais\u00e9ment install\u00e9 n&rsquo;importe o\u00f9 dans les bureaux de votre entreprise ou chez vous.<\/p>\n<hr \/>\n\n<table id=\"tablepress-13\" class=\"tablepress tablepress-id-13\">\n<tbody>\n<tr class=\"row-1\">\n\t<td class=\"column-1\"><img loading=\"lazy\" decoding=\"async\" src=\"https:\/\/provya.fr\/wp-content\/uploads\/2021\/10\/firewall-pro-Soho-Provya-01.jpg\" alt=\"\" width=\"300\" height=\"300\" class=\"aligncenter size-full wp-image-300\" \/><\/td><td class=\"column-2\"><img loading=\"lazy\" decoding=\"async\" src=\"https:\/\/provya.fr\/wp-content\/uploads\/2021\/10\/firewall-pro-Soho-Provya-02.jpg\" alt=\"\" width=\"300\" height=\"300\" class=\"aligncenter size-full wp-image-300\" \/><\/td>\n<\/tr>\n<\/tbody>\n<\/table>\n<!-- #tablepress-13 from cache -->\n<hr \/>\n<\/div>\n\n<table id=\"tablepress-9\" class=\"tablepress tablepress-id-9 tbody-has-connected-cells\">\n<tbody>\n<tr class=\"row-1\">\n\t<td colspan=\"2\" class=\"column-1\">Caract\u00e9ristiques techniques<\/td>\n<\/tr>\n<tr class=\"row-2\">\n\t<td class=\"column-1\">Processeur<\/td><td class=\"column-2\">Intel i3<br \/>\n64 bits<\/td>\n<\/tr>\n<tr class=\"row-3\">\n\t<td class=\"column-1\">Support instructions AES-NI<br \/>\n(acc\u00e9l\u00e9ration cryptographique)<\/td><td class=\"column-2\">Oui.<\/td>\n<\/tr>\n<tr class=\"row-4\">\n\t<td class=\"column-1\">M\u00e9moire vive<\/td><td class=\"column-2\">2 Go (extensible \u00e0 4 Go)<\/td>\n<\/tr>\n<tr class=\"row-5\">\n\t<td class=\"column-1\">Disque-dur (SSD)<\/td><td class=\"column-2\">32 Go (extensible \u00e0 60 Go)<\/td>\n<\/tr>\n<tr class=\"row-6\">\n\t<td colspan=\"2\" class=\"column-1\">Connectivit\u00e9<\/td>\n<\/tr>\n<tr class=\"row-7\">\n\t<td class=\"column-1\">Interfaces r\u00e9seau<\/td><td class=\"column-2\">2 ports Gigabits<\/td>\n<\/tr>\n<tr class=\"row-8\">\n\t<td class=\"column-1\">Wi-Fi<\/td><td class=\"column-2\">En option<br \/>\nCarte Wi-Fi b\/g\/n<br \/>\nAtheros AR9287<br \/>\n(fonctionne en mode client et point d'acc\u00e8s)<\/td>\n<\/tr>\n<tr class=\"row-9\">\n\t<td class=\"column-1\">Ports USB<\/td><td class=\"column-2\">4<\/td>\n<\/tr>\n<tr class=\"row-10\">\n\t<td class=\"column-1\">Ports Console<\/td><td class=\"column-2\">2<\/td>\n<\/tr>\n<tr class=\"row-11\">\n\t<td class=\"column-1\">Ports HDMI \/ VGA<\/td><td class=\"column-2\">2<\/td>\n<\/tr>\n<tr class=\"row-12\">\n\t<td colspan=\"2\" class=\"column-1\">Divers<\/td>\n<\/tr>\n<tr class=\"row-13\">\n\t<td class=\"column-1\">Taille<\/td><td class=\"column-2\">134 x 126 x 38,5 mm<\/td>\n<\/tr>\n<tr class=\"row-14\">\n\t<td class=\"column-1\">Poids<\/td><td class=\"column-2\">1,1 kg<\/td>\n<\/tr>\n<tr class=\"row-15\">\n\t<td class=\"column-1\">Montage en rack<\/td><td class=\"column-2\">non<\/td>\n<\/tr>\n<tr class=\"row-16\">\n\t<td class=\"column-1\">Type de refroidissement<\/td><td class=\"column-2\">Passif<\/td>\n<\/tr>\n<tr class=\"row-17\">\n\t<td class=\"column-1\">Garantie mat\u00e9riel<\/td><td class=\"column-2\">3 ans<br \/>\n(extensible \u00e0 5 ans)<\/td>\n<\/tr>\n<tr class=\"row-18\">\n\t<td class=\"column-1\">Prix H.T.<\/td><td class=\"column-2\">349 \u20ac<\/td>\n<\/tr>\n<\/tbody>\n<\/table>\n<!-- #tablepress-9 from cache -->\n<div id=\"prov-ico-pan2\">\u25ba <a href=\"https:\/\/store.provya.fr\/firewall-pour-pfsense\/20-40-firewall-pour-pfsense-2-ports-gbps-quad-core-ssd-soho-tpe-pme.html\">Achetez en ligne<\/a><\/div>\n<hr \/>\n<p>D\u00e9couvrez notre gamme compl\u00e8te de firewall pour pfSense :<\/p>\n\n<table id=\"tablepress-16\" class=\"tablepress tablepress-id-16\">\n<tbody>\n<tr class=\"row-1\">\n\t<td class=\"column-1\"><strong>Firewall pro-Soho<\/strong><\/td><td class=\"column-2\"><\/td><td class=\"column-3\"><strong>Firewall pro-Middle<\/strong><\/td><td class=\"column-4\"><\/td><td class=\"column-5\"><strong>Firewall pro-Maxi<\/strong><\/td>\n<\/tr>\n<tr class=\"row-2\">\n\t<td class=\"column-1\"><a href=\"https:\/\/store.provya.fr\/firewall-pour-pfsense\/20-221-firewall-pour-pfsense-2-ports-gbps-quad-core-ssd-soho-tpe-pme.html\"><img loading=\"lazy\" decoding=\"async\" src=\"https:\/\/provya.fr\/wp-content\/uploads\/2021\/10\/firewall-pro-Soho-Provya-01.jpg\" alt=\"\" width=\"150\" height=\"150\" class=\"alignnone size-full wp-image-150\" \/><\/a><\/td><td class=\"column-2\"><\/td><td class=\"column-3\"><a href=\"https:\/\/store.provya.fr\/firewall-pour-pfsense\/32-492-firewall-pro-middle-pour-pfsense-4-ports-gbps-intel-i3-ssd-wifi-pme.html\"><img loading=\"lazy\" decoding=\"async\" src=\"https:\/\/provya.fr\/wp-content\/uploads\/2021\/10\/firewall-pro-Middle-Provya-01-2021.jpg\" alt=\"\" width=\"150\" height=\"150\" class=\"aligncenter size-full wp-image-150\" \/><\/a><\/td><td class=\"column-4\"><\/td><td class=\"column-5\"><a href=\"https:\/\/store.provya.fr\/firewall-pour-pfsense\/51-862-firewall-pro-maxi-pour-pfsense-ou-opnsense.html\"><img loading=\"lazy\" decoding=\"async\" src=\"https:\/\/provya.fr\/wp-content\/uploads\/2021\/10\/firewall-pro-Maxi-provya-01.jpg\" alt=\"\" width=\"150\" height=\"150\" class=\"alignnone size-full wp-image-150\" \/><\/a><\/td>\n<\/tr>\n<tr class=\"row-3\">\n\t<td class=\"column-1\">Firewall pour pfSense d\u00e9di\u00e9 aux petites structures.<br \/>\n<span class=\"toto\">Jusqu'\u00e0 25 utilisateurs<\/span><\/td><td class=\"column-2\"><\/td><td class=\"column-3\">Firewall pour pfSense pour les PME.<br \/>\n<span class=\"toto\">Jusqu'\u00e0 100 utilisateurs<\/span><\/td><td class=\"column-4\"><\/td><td class=\"column-5\">Firewall pour pfSense pour les PME.<br \/>\nJusqu'\u00e0 200 utilisateurs<\/td>\n<\/tr>\n<tr class=\"row-4\">\n\t<td class=\"column-1\">&#9658; <a href=\"https:\/\/store.provya.fr\/firewall-pour-pfsense\/20-221-firewall-pour-pfsense-2-ports-gbps-quad-core-ssd-soho-tpe-pme.html\">Acc\u00e9der \u00e0 la fiche produit<\/a><\/td><td class=\"column-2\"><\/td><td class=\"column-3\">&#9658; <a href=\"https:\/\/store.provya.fr\/firewall-pour-pfsense\/32-492-firewall-pro-middle-pour-pfsense-4-ports-gbps-intel-i3-ssd-wifi-pme.html\">Acc\u00e9der \u00e0 la fiche produit<\/a><\/td><td class=\"column-4\"><\/td><td class=\"column-5\">&#9658; <a href=\"https:\/\/store.provya.fr\/firewall-pour-pfsense\/51-862-firewall-pro-maxi-pour-pfsense-ou-opnsense.html\">Acc\u00e9der \u00e0 la fiche produit<\/a><\/td>\n<\/tr>\n<tr class=\"row-5\">\n\t<td class=\"column-1\"><\/td><td class=\"column-2\"><\/td><td class=\"column-3\"><\/td><td class=\"column-4\"><\/td><td class=\"column-5\"><\/td>\n<\/tr>\n<tr class=\"row-6\">\n\t<td class=\"column-1\"><strong>Firewall pro-Large<\/strong><\/td><td class=\"column-2\"><\/td><td class=\"column-3\"><strong>Firewall pro-Xtend<\/strong><\/td><td class=\"column-4\"><\/td><td class=\"column-5\"><strong>Firewall pro-Xtra-SFP+<\/strong><\/td>\n<\/tr>\n<tr class=\"row-7\">\n\t<td class=\"column-1\"><a href=\"https:\/\/store.provya.fr\/firewall-pour-pfsense\/22-269-firewall-pour-pfsense-6-ports-gbps-intel-i5-ssd-pme-grands-comptes.html\"><img loading=\"lazy\" decoding=\"async\" src=\"https:\/\/provya.fr\/wp-content\/uploads\/2021\/10\/firewall-pro-Large-Provya-01.jpg\" alt=\"\" width=\"150\" height=\"150\" class=\"alignnone size-full wp-image-150\" \/><\/a><\/td><td class=\"column-2\"><\/td><td class=\"column-3\"><a href=\"https:\/\/store.provya.fr\/firewall-pour-pfsense\/43-432-firewall-pro-xtend-pour-pfsense-ou-opnsense-8-ports-gbps-intel-i5-ssd.html\"><img loading=\"lazy\" decoding=\"async\" src=\"https:\/\/provya.fr\/wp-content\/uploads\/2021\/10\/firewall-pro-Xtend-Provya-01.jpg\" alt=\"\" width=\"150\" height=\"150\" class=\"alignnone size-full wp-image-150\" \/><\/a><\/td><td class=\"column-4\"><\/td><td class=\"column-5\"><a href=\"https:\/\/store.provya.fr\/firewall-pour-pfsense\/34-377-firewall-pro-xtra-sfp-pour-pfsense-6-ports-gbps-2-ports-sfp-10-gbps-intel-i7-ssd-grands-comptes.html\"><img loading=\"lazy\" decoding=\"async\" src=\"https:\/\/provya.fr\/wp-content\/uploads\/2021\/10\/firewall-pro-Xtra-SFP-Provya-01.jpg\" alt=\"\" width=\"150\" height=\"150\" class=\"alignnone size-full wp-image-150\" \/><\/a><\/td>\n<\/tr>\n<tr class=\"row-8\">\n\t<td class=\"column-1\">Firewall pour pfSense pour les grands d\u00e9ploiements.<br \/>\nJusqu'\u00e0 500 utilisateurs<\/td><td class=\"column-2\"><\/td><td class=\"column-3\">Firewall pour pfSense pour les grands d\u00e9ploiements et les besoins en nombreuses connectiques.<br \/>\n<span class=\"toto\">Jusqu'\u00e0 500 utilisateurs<\/span><\/td><td class=\"column-4\"><\/td><td class=\"column-5\">Firewall pour pfSense pour les datacenters n\u00e9cessitant une connectique SFP 10 Gbps.<br \/>\n<span class=\"toto\">Au-del\u00e0 de 500 utilisateurs<\/span><\/td>\n<\/tr>\n<tr class=\"row-9\">\n\t<td class=\"column-1\">&#9658; <a href=\"https:\/\/store.provya.fr\/firewall-pour-pfsense\/22-269-firewall-pour-pfsense-6-ports-gbps-intel-i5-ssd-pme-grands-comptes.html\">Acc\u00e9der \u00e0 la fiche produit<\/a><\/td><td class=\"column-2\"><\/td><td class=\"column-3\">&#9658; <a href=\"https:\/\/store.provya.fr\/firewall-pour-pfsense\/43-432-firewall-pro-xtend-pour-pfsense-ou-opnsense-8-ports-gbps-intel-i5-ssd.html\">Acc\u00e9der \u00e0 la fiche produit<\/a><\/td><td class=\"column-4\"><\/td><td class=\"column-5\">&#9658; <a href=\"https:\/\/store.provya.fr\/firewall-pour-pfsense\/34-377-firewall-pro-xtra-sfp-pour-pfsense-6-ports-gbps-2-ports-sfp-10-gbps-intel-i7-ssd-grands-comptes.html\">Acc\u00e9der \u00e0 la fiche produit<\/a><\/td>\n<\/tr>\n<\/tbody>\n<\/table>\n<!-- #tablepress-16 from cache -->\n<p style=\"text-align: center;\"><a href=\"https:\/\/provya.fr\/index.php\/firewall-pour-pfsense\/comparatif-firewall\/\">Acc\u00e9dez au comparatif des firewall pour pfSense<\/a><\/p>\n<hr \/>\n<p>Un projet ? Une question ? Contactez-nous !<\/p>\n","protected":false},"excerpt":{"rendered":"<p>pro-Soho Achetez en ligne Le firewall pro-Soho est une box que nous avons con\u00e7u pour le logiciel pfSense. Il r\u00e9pond aux derniers pr\u00e9-requis techniques pour accueillir les toutes derni\u00e8res versions de pfSense et les suivantes. Il embarque un processeur Intel i3 64 bits et supporte l&rsquo;AES-NI (acc\u00e9l\u00e9ration cryptographique). Le pro-Soho dispose de 2 interfaces Gigabits [&hellip;]<\/p>\n","protected":false},"author":1,"featured_media":0,"parent":178,"menu_order":0,"comment_status":"closed","ping_status":"closed","template":"","meta":{"footnotes":""},"class_list":["post-180","page","type-page","status-publish","hentry"],"yoast_head":"<!-- This site is optimized with the Yoast SEO plugin v26.4 - https:\/\/yoast.com\/wordpress\/plugins\/seo\/ -->\n<title>Firewall pro-Soho pour pfSense - Provya<\/title>\n<meta name=\"description\" content=\"Appliance box firewall pour pfSense pour usage domestique, petites entreprises - 2 ports Gbps, WiFi, disque-dur SSD\" \/>\n<meta name=\"robots\" content=\"index, follow, max-snippet:-1, max-image-preview:large, max-video-preview:-1\" \/>\n<link rel=\"canonical\" href=\"https:\/\/provya.fr\/index.php\/firewall-pour-pfsense\/firewall-pro-soho\/\" \/>\n<meta property=\"og:locale\" content=\"fr_FR\" \/>\n<meta property=\"og:type\" content=\"article\" \/>\n<meta property=\"og:title\" content=\"Firewall pro-Soho pour pfSense - Provya\" \/>\n<meta property=\"og:description\" content=\"Appliance box firewall pour pfSense pour usage domestique, petites entreprises - 2 ports Gbps, WiFi, disque-dur SSD\" \/>\n<meta property=\"og:url\" content=\"https:\/\/provya.fr\/index.php\/firewall-pour-pfsense\/firewall-pro-soho\/\" \/>\n<meta property=\"og:site_name\" content=\"Provya\" \/>\n<meta property=\"article:modified_time\" content=\"2021-10-03T07:59:37+00:00\" \/>\n<meta property=\"og:image\" content=\"https:\/\/provya.fr\/wp-content\/uploads\/2021\/10\/firewall-pro-Soho-Provya-01-300x300.jpg\" \/>\n<meta name=\"twitter:card\" content=\"summary_large_image\" \/>\n<meta name=\"twitter:label1\" content=\"Dur\u00e9e de lecture estim\u00e9e\" \/>\n\t<meta name=\"twitter:data1\" content=\"1 minute\" \/>\n<script type=\"application\/ld+json\" class=\"yoast-schema-graph\">{\"@context\":\"https:\/\/schema.org\",\"@graph\":[{\"@type\":\"WebPage\",\"@id\":\"https:\/\/provya.fr\/index.php\/firewall-pour-pfsense\/firewall-pro-soho\/\",\"url\":\"https:\/\/provya.fr\/index.php\/firewall-pour-pfsense\/firewall-pro-soho\/\",\"name\":\"Firewall pro-Soho pour pfSense - Provya\",\"isPartOf\":{\"@id\":\"https:\/\/provya.fr\/#website\"},\"primaryImageOfPage\":{\"@id\":\"https:\/\/provya.fr\/index.php\/firewall-pour-pfsense\/firewall-pro-soho\/#primaryimage\"},\"image\":{\"@id\":\"https:\/\/provya.fr\/index.php\/firewall-pour-pfsense\/firewall-pro-soho\/#primaryimage\"},\"thumbnailUrl\":\"https:\/\/provya.fr\/wp-content\/uploads\/2021\/10\/firewall-pro-Soho-Provya-01-300x300.jpg\",\"datePublished\":\"2018-01-16T13:41:33+00:00\",\"dateModified\":\"2021-10-03T07:59:37+00:00\",\"description\":\"Appliance box firewall pour pfSense pour usage domestique, petites entreprises - 2 ports Gbps, WiFi, disque-dur SSD\",\"breadcrumb\":{\"@id\":\"https:\/\/provya.fr\/index.php\/firewall-pour-pfsense\/firewall-pro-soho\/#breadcrumb\"},\"inLanguage\":\"fr-FR\",\"potentialAction\":[{\"@type\":\"ReadAction\",\"target\":[\"https:\/\/provya.fr\/index.php\/firewall-pour-pfsense\/firewall-pro-soho\/\"]}]},{\"@type\":\"ImageObject\",\"inLanguage\":\"fr-FR\",\"@id\":\"https:\/\/provya.fr\/index.php\/firewall-pour-pfsense\/firewall-pro-soho\/#primaryimage\",\"url\":\"https:\/\/provya.fr\/wp-content\/uploads\/2021\/10\/firewall-pro-Soho-Provya-01.jpg\",\"contentUrl\":\"https:\/\/provya.fr\/wp-content\/uploads\/2021\/10\/firewall-pro-Soho-Provya-01.jpg\",\"width\":800,\"height\":800,\"caption\":\"Firewall pro-Soho\"},{\"@type\":\"BreadcrumbList\",\"@id\":\"https:\/\/provya.fr\/index.php\/firewall-pour-pfsense\/firewall-pro-soho\/#breadcrumb\",\"itemListElement\":[{\"@type\":\"ListItem\",\"position\":1,\"name\":\"Accueil\",\"item\":\"https:\/\/provya.fr\/\"},{\"@type\":\"ListItem\",\"position\":2,\"name\":\"Firewall pour pfSense et OPNsense\",\"item\":\"https:\/\/provya.fr\/index.php\/firewall-pour-pfsense\/\"},{\"@type\":\"ListItem\",\"position\":3,\"name\":\"Firewall pro-Soho pour pfSense\"}]},{\"@type\":\"WebSite\",\"@id\":\"https:\/\/provya.fr\/#website\",\"url\":\"https:\/\/provya.fr\/\",\"name\":\"Provya\",\"description\":\"Expertise et firewall pour le logiciel pfSense\",\"potentialAction\":[{\"@type\":\"SearchAction\",\"target\":{\"@type\":\"EntryPoint\",\"urlTemplate\":\"https:\/\/provya.fr\/?s={search_term_string}\"},\"query-input\":{\"@type\":\"PropertyValueSpecification\",\"valueRequired\":true,\"valueName\":\"search_term_string\"}}],\"inLanguage\":\"fr-FR\"}]}<\/script>\n<!-- \/ Yoast SEO plugin. -->","yoast_head_json":{"title":"Firewall pro-Soho pour pfSense - Provya","description":"Appliance box firewall pour pfSense pour usage domestique, petites entreprises - 2 ports Gbps, WiFi, disque-dur SSD","robots":{"index":"index","follow":"follow","max-snippet":"max-snippet:-1","max-image-preview":"max-image-preview:large","max-video-preview":"max-video-preview:-1"},"canonical":"https:\/\/provya.fr\/index.php\/firewall-pour-pfsense\/firewall-pro-soho\/","og_locale":"fr_FR","og_type":"article","og_title":"Firewall pro-Soho pour pfSense - Provya","og_description":"Appliance box firewall pour pfSense pour usage domestique, petites entreprises - 2 ports Gbps, WiFi, disque-dur SSD","og_url":"https:\/\/provya.fr\/index.php\/firewall-pour-pfsense\/firewall-pro-soho\/","og_site_name":"Provya","article_modified_time":"2021-10-03T07:59:37+00:00","og_image":[{"url":"https:\/\/provya.fr\/wp-content\/uploads\/2021\/10\/firewall-pro-Soho-Provya-01-300x300.jpg","type":"","width":"","height":""}],"twitter_card":"summary_large_image","twitter_misc":{"Dur\u00e9e de lecture estim\u00e9e":"1 minute"},"schema":{"@context":"https:\/\/schema.org","@graph":[{"@type":"WebPage","@id":"https:\/\/provya.fr\/index.php\/firewall-pour-pfsense\/firewall-pro-soho\/","url":"https:\/\/provya.fr\/index.php\/firewall-pour-pfsense\/firewall-pro-soho\/","name":"Firewall pro-Soho pour pfSense - Provya","isPartOf":{"@id":"https:\/\/provya.fr\/#website"},"primaryImageOfPage":{"@id":"https:\/\/provya.fr\/index.php\/firewall-pour-pfsense\/firewall-pro-soho\/#primaryimage"},"image":{"@id":"https:\/\/provya.fr\/index.php\/firewall-pour-pfsense\/firewall-pro-soho\/#primaryimage"},"thumbnailUrl":"https:\/\/provya.fr\/wp-content\/uploads\/2021\/10\/firewall-pro-Soho-Provya-01-300x300.jpg","datePublished":"2018-01-16T13:41:33+00:00","dateModified":"2021-10-03T07:59:37+00:00","description":"Appliance box firewall pour pfSense pour usage domestique, petites entreprises - 2 ports Gbps, WiFi, disque-dur SSD","breadcrumb":{"@id":"https:\/\/provya.fr\/index.php\/firewall-pour-pfsense\/firewall-pro-soho\/#breadcrumb"},"inLanguage":"fr-FR","potentialAction":[{"@type":"ReadAction","target":["https:\/\/provya.fr\/index.php\/firewall-pour-pfsense\/firewall-pro-soho\/"]}]},{"@type":"ImageObject","inLanguage":"fr-FR","@id":"https:\/\/provya.fr\/index.php\/firewall-pour-pfsense\/firewall-pro-soho\/#primaryimage","url":"https:\/\/provya.fr\/wp-content\/uploads\/2021\/10\/firewall-pro-Soho-Provya-01.jpg","contentUrl":"https:\/\/provya.fr\/wp-content\/uploads\/2021\/10\/firewall-pro-Soho-Provya-01.jpg","width":800,"height":800,"caption":"Firewall pro-Soho"},{"@type":"BreadcrumbList","@id":"https:\/\/provya.fr\/index.php\/firewall-pour-pfsense\/firewall-pro-soho\/#breadcrumb","itemListElement":[{"@type":"ListItem","position":1,"name":"Accueil","item":"https:\/\/provya.fr\/"},{"@type":"ListItem","position":2,"name":"Firewall pour pfSense et OPNsense","item":"https:\/\/provya.fr\/index.php\/firewall-pour-pfsense\/"},{"@type":"ListItem","position":3,"name":"Firewall pro-Soho pour pfSense"}]},{"@type":"WebSite","@id":"https:\/\/provya.fr\/#website","url":"https:\/\/provya.fr\/","name":"Provya","description":"Expertise et firewall pour le logiciel pfSense","potentialAction":[{"@type":"SearchAction","target":{"@type":"EntryPoint","urlTemplate":"https:\/\/provya.fr\/?s={search_term_string}"},"query-input":{"@type":"PropertyValueSpecification","valueRequired":true,"valueName":"search_term_string"}}],"inLanguage":"fr-FR"}]}},"_links":{"self":[{"href":"https:\/\/provya.fr\/index.php\/wp-json\/wp\/v2\/pages\/180","targetHints":{"allow":["GET"]}}],"collection":[{"href":"https:\/\/provya.fr\/index.php\/wp-json\/wp\/v2\/pages"}],"about":[{"href":"https:\/\/provya.fr\/index.php\/wp-json\/wp\/v2\/types\/page"}],"author":[{"embeddable":true,"href":"https:\/\/provya.fr\/index.php\/wp-json\/wp\/v2\/users\/1"}],"replies":[{"embeddable":true,"href":"https:\/\/provya.fr\/index.php\/wp-json\/wp\/v2\/comments?post=180"}],"version-history":[{"count":16,"href":"https:\/\/provya.fr\/index.php\/wp-json\/wp\/v2\/pages\/180\/revisions"}],"predecessor-version":[{"id":519,"href":"https:\/\/provya.fr\/index.php\/wp-json\/wp\/v2\/pages\/180\/revisions\/519"}],"up":[{"embeddable":true,"href":"https:\/\/provya.fr\/index.php\/wp-json\/wp\/v2\/pages\/178"}],"wp:attachment":[{"href":"https:\/\/provya.fr\/index.php\/wp-json\/wp\/v2\/media?parent=180"}],"curies":[{"name":"wp","href":"https:\/\/api.w.org\/{rel}","templated":true}]}}