{"id":187,"date":"2018-01-16T14:46:59","date_gmt":"2018-01-16T13:46:59","guid":{"rendered":"http:\/\/provya.fr\/?page_id=187"},"modified":"2021-10-03T10:38:43","modified_gmt":"2021-10-03T08:38:43","slug":"comparatif-firewall","status":"publish","type":"page","link":"https:\/\/provya.fr\/index.php\/firewall-pour-pfsense\/comparatif-firewall\/","title":{"rendered":"Comparatif firewall pour pfSense"},"content":{"rendered":"<p>Tableau comparatif de nos firewall au format BOX (non-rackable) pour pfSense :<\/p>\n\n<table id=\"tablepress-21\" class=\"tablepress tablepress-id-21 tbody-has-connected-cells\">\n<tbody>\n<tr class=\"row-1\">\n\t<td class=\"column-1\"><\/td><td class=\"column-2\"><a href=\"https:\/\/store.provya.fr\/firewall-pour-pfsense\/20-221-firewall-pour-pfsense-2-ports-gbps-quad-core-ssd-soho-tpe-pme.html\"><br \/>\n<strong>Pro-Soho<\/strong><br \/><br \/>\n<img loading=\"lazy\" decoding=\"async\" src=\"https:\/\/provya.fr\/wp-content\/uploads\/2021\/10\/firewall-pro-Soho-Provya-01.jpg\" alt=\"\" width=\"150\" height=\"150\" class=\"aligncenter size-full wp-image-150\" \/><\/a><\/td><td class=\"column-3\"><a href=\"https:\/\/store.provya.fr\/firewall-pour-pfsense\/32-492-firewall-pro-middle-pour-pfsense-4-ports-gbps-intel-i3-ssd-wifi-pme.html\"><br \/>\n<strong>Pro-Middle<\/strong><br \/><br \/>\n<img loading=\"lazy\" decoding=\"async\" src=\"https:\/\/provya.fr\/wp-content\/uploads\/2021\/10\/firewall-pro-Middle-Provya-01-2021.jpg\" alt=\"\" width=\"150\" height=\"150\" class=\"aligncenter size-full wp-image-150\" \/><\/a><\/td><td class=\"column-4\"><a href=\"https:\/\/store.provya.fr\/firewall-pour-pfsense\/51-862-firewall-pro-maxi-pour-pfsense-ou-opnsense.html\"><br \/>\n<strong>Pro-Maxi<\/strong><br \/><br \/>\n<img loading=\"lazy\" decoding=\"async\" src=\"https:\/\/provya.fr\/wp-content\/uploads\/2021\/10\/firewall-pro-Maxi-provya-01.jpg\" alt=\"\" width=\"150\" height=\"150\" class=\"aligncenter size-full wp-image-150\" \/><\/a><\/td>\n<\/tr>\n<tr class=\"row-2\">\n\t<td class=\"column-1\">Usage<\/td><td class=\"column-2\">Firewall pour pfSense d\u00e9di\u00e9 aux petites structures.<br \/>\nJusqu'\u00e0 25 utilisateurs<\/td><td class=\"column-3\">Firewall pour pfSense pour les PME.<br \/>\nJusqu'\u00e0 100 utilisateurs<\/td><td class=\"column-4\">Firewall pour pfSense pour les PME.<br \/>\nJusqu'\u00e0 200 utilisateurs<\/td>\n<\/tr>\n<tr class=\"row-3\">\n\t<td colspan=\"4\" class=\"column-1\">Caract\u00e9ristiques techniques<\/td>\n<\/tr>\n<tr class=\"row-4\">\n\t<td class=\"column-1\">Processeur<\/td><td class=\"column-2\">Intel i3<br \/>\n64 bits<\/td><td class=\"column-3\">Intel i3<br \/>\n64 bits<\/td><td class=\"column-4\">Intel Celeron<br \/>\n64 bits<\/td>\n<\/tr>\n<tr class=\"row-5\">\n\t<td class=\"column-1\">Support instructions AES-NI<br \/>\n(acc\u00e9l\u00e9ration cryptographique)<\/td><td class=\"column-2\">Oui<\/td><td class=\"column-3\">Oui<\/td><td class=\"column-4\">Oui<\/td>\n<\/tr>\n<tr class=\"row-6\">\n\t<td class=\"column-1\">M\u00e9moire vive<\/td><td class=\"column-2\">2 Go (extensible \u00e0 4 Go)<\/td><td class=\"column-3\">4 Go (extensible \u00e0 8 Go)<\/td><td class=\"column-4\">4 Go (extensible \u00e0 8 Go)<\/td>\n<\/tr>\n<tr class=\"row-7\">\n\t<td class=\"column-1\">Disque-dur SSD<\/td><td class=\"column-2\">32 Go (extensible \u00e0 60 Go)<\/td><td class=\"column-3\">32 Go (extensible \u00e0 240 Go) <\/td><td class=\"column-4\">32 Go (extensible \u00e0 240 Go) <\/td>\n<\/tr>\n<tr class=\"row-8\">\n\t<td colspan=\"4\" class=\"column-1\">Connectivit\u00e9<\/td>\n<\/tr>\n<tr class=\"row-9\">\n\t<td class=\"column-1\">Interfaces r\u00e9seau<\/td><td class=\"column-2\">2 ports Gigabits<\/td><td class=\"column-3\">4 ports Gigabits<\/td><td class=\"column-4\">6 ports Gigabits<\/td>\n<\/tr>\n<tr class=\"row-10\">\n\t<td class=\"column-1\">Wi-Fi<\/td><td class=\"column-2\">Oui, en option<br \/>\nCarte Wi-Fi b\/g\/n<br \/>\nAtheros AR9287<br \/>\n(fonctionne en client et AP Wifi)<\/td><td class=\"column-3\">Oui, en option<br \/>\nCarte Wi-Fi b\/g\/n<br \/>\nAtheros AR9287<br \/>\n(fonctionne en client et AP Wifi)<\/td><td class=\"column-4\">Non<\/td>\n<\/tr>\n<tr class=\"row-11\">\n\t<td class=\"column-1\">Ports USB<\/td><td class=\"column-2\">4<\/td><td class=\"column-3\">4<\/td><td class=\"column-4\">4<\/td>\n<\/tr>\n<tr class=\"row-12\">\n\t<td class=\"column-1\">Ports HDMI ou VGA<\/td><td class=\"column-2\">2<\/td><td class=\"column-3\">1<\/td><td class=\"column-4\">1<\/td>\n<\/tr>\n<tr class=\"row-13\">\n\t<td colspan=\"4\" class=\"column-1\">Divers<\/td>\n<\/tr>\n<tr class=\"row-14\">\n\t<td class=\"column-1\">Taille<\/td><td class=\"column-2\">13,4 x 12,6 x 3,8 cm<\/td><td class=\"column-3\">18,7 x 11,1 x 5,2 cm<\/td><td class=\"column-4\">18,7 x 11,1 x 5,2 cm<\/td>\n<\/tr>\n<tr class=\"row-15\">\n\t<td class=\"column-1\">Poids<\/td><td class=\"column-2\">1,1 kg<\/td><td class=\"column-3\">1,6 kg<\/td><td class=\"column-4\">1,6 kg<\/td>\n<\/tr>\n<tr class=\"row-16\">\n\t<td class=\"column-1\">Montage en rack<\/td><td class=\"column-2\">Non<\/td><td class=\"column-3\">Non<\/td><td class=\"column-4\">Non<\/td>\n<\/tr>\n<tr class=\"row-17\">\n\t<td class=\"column-1\">Type de refroidissement<\/td><td class=\"column-2\">Passif<\/td><td class=\"column-3\">Passif<\/td><td class=\"column-4\">Passif<\/td>\n<\/tr>\n<tr class=\"row-18\">\n\t<td class=\"column-1\">Garantie mat\u00e9riel<\/td><td class=\"column-2\">3 ans<br \/>\n(extensible \u00e0 5 ans)<\/td><td class=\"column-3\">3 ans<br \/>\n(extensible \u00e0 5 ans)<\/td><td class=\"column-4\">3 ans<br \/>\n(extensible \u00e0 5 ans)<\/td>\n<\/tr>\n<tr class=\"row-19\">\n\t<td class=\"column-1\">Prix H.T.<\/td><td class=\"column-2\">349 \u20ac<\/td><td class=\"column-3\">449 \u20ac<\/td><td class=\"column-4\">549 \u20ac<\/td>\n<\/tr>\n<tr class=\"row-20\">\n\t<td class=\"column-1\"><\/td><td class=\"column-2\"><div id=\"prov-ico-pan2\">\u25ba <a href=\"https:\/\/store.provya.fr\/firewall-pour-pfsense\/20-40-firewall-pour-pfsense-2-ports-gbps-quad-core-ssd-soho-tpe-pme.html\">Achetez en ligne<\/a><\/div><\/td><td class=\"column-3\"><div id=\"prov-ico-pan2\">\u25ba <a href=\"https:\/\/store.provya.fr\/firewall-pour-pfsense\/32-58-firewall-pro-middle-pour-pfsense-4-ports-gbps-intel-i5-ssd-wifi-pme.html\">Achetez en ligne<\/a><\/div><\/td><td class=\"column-4\"><div id=\"prov-ico-pan2\">\u25ba <a href=\"https:\/\/store.provya.fr\/firewall-pour-pfsense\/51-862-firewall-pro-maxi-pour-pfsense-ou-opnsense.html\">Achetez en ligne<\/a><\/div><\/td>\n<\/tr>\n<\/tbody>\n<\/table>\n<!-- #tablepress-21 from cache -->\n<p>Tableau comparatif de nos firewall rackable pour pfSense :<\/p>\n\n<table id=\"tablepress-22\" class=\"tablepress tablepress-id-22 tbody-has-connected-cells\">\n<tbody>\n<tr class=\"row-1\">\n\t<td class=\"column-1\"><\/td><td class=\"column-2\"><a href=\"https:\/\/store.provya.fr\/firewall-pour-pfsense\/22-269-firewall-pour-pfsense-6-ports-gbps-intel-i5-ssd-pme-grands-comptes.html\"><br \/>\n<strong>Pro-Large<\/strong><br \/><br \/>\n<img loading=\"lazy\" decoding=\"async\" src=\"https:\/\/provya.fr\/wp-content\/uploads\/2021\/10\/firewall-pro-Large-Provya-01.jpg\" alt=\"\" width=\"150\" height=\"150\" class=\"aligncenter size-full wp-image-150\" \/><\/a><\/td><td class=\"column-3\"><a href=\"https:\/\/store.provya.fr\/firewall-pour-pfsense\/43-432-firewall-pro-xtend-pour-pfsense-ou-opnsense-8-ports-gbps-intel-i5-ssd.html\"><br \/>\n<strong>Pro-Xtend<\/strong><br \/><br \/>\n<img loading=\"lazy\" decoding=\"async\" src=\"https:\/\/provya.fr\/wp-content\/uploads\/2021\/10\/firewall-pro-Xtend-Provya-01.jpg\" alt=\"\" width=\"150\" height=\"150\" class=\"aligncenter size-full wp-image-150\" \/><\/a><\/td><td class=\"column-4\"><a href=\"https:\/\/store.provya.fr\/firewall-pour-pfsense\/34-377-firewall-pro-xtra-sfp-pour-pfsense-6-ports-gbps-2-ports-sfp-10-gbps-intel-i7-ssd-grands-comptes.html\"><br \/>\n<strong>Pro-Xtra-SFP+<\/strong><br \/><br \/>\n<img loading=\"lazy\" decoding=\"async\" src=\"https:\/\/provya.fr\/wp-content\/uploads\/2021\/10\/firewall-pro-Xtra-SFP-Provya-01.jpg\" alt=\"\" width=\"150\" height=\"150\" class=\"aligncenter size-full wp-image-150\" \/><\/a><\/td>\n<\/tr>\n<tr class=\"row-2\">\n\t<td class=\"column-1\">Usage<\/td><td class=\"column-2\">Firewall pour pfSense pour les grands d\u00e9ploiements.<br \/>\nJusqu'\u00e0 500 utilisateurs<\/td><td class=\"column-3\">Firewall pour pfSense pour les grands d\u00e9ploiements.<br \/>\nJusqu'\u00e0 500 utilisateurs<\/td><td class=\"column-4\">Firewall pour pfSense pour les datacenters n\u00e9cessitant une connectique SFP 10 Gbps.<br \/>\nAu-del\u00e0 de 500 utilisateurs<\/td>\n<\/tr>\n<tr class=\"row-3\">\n\t<td colspan=\"4\" class=\"column-1\">Caract\u00e9ristiques techniques<\/td>\n<\/tr>\n<tr class=\"row-4\">\n\t<td class=\"column-1\">Processeur<\/td><td class=\"column-2\">Intel i5<br \/>\n64 bits<\/td><td class=\"column-3\">Intel i5<br \/>\n64 bits<\/td><td class=\"column-4\">Intel i7<br \/>\n64 bits<\/td>\n<\/tr>\n<tr class=\"row-5\">\n\t<td class=\"column-1\">Support instructions AES-NI<br \/>\n(acc\u00e9l\u00e9ration cryptographique)<\/td><td class=\"column-2\">Oui<\/td><td class=\"column-3\">Oui<\/td><td class=\"column-4\">Oui<\/td>\n<\/tr>\n<tr class=\"row-6\">\n\t<td class=\"column-1\">M\u00e9moire vive<\/td><td class=\"column-2\">4 Go (extensible \u00e0 8 Go)<\/td><td class=\"column-3\">4 Go (extensible \u00e0 8 Go)<\/td><td class=\"column-4\">8 Go (extensible \u00e0 16 Go)<\/td>\n<\/tr>\n<tr class=\"row-7\">\n\t<td class=\"column-1\">Disque-dur SSD<\/td><td class=\"column-2\">32 Go (extensible \u00e0 2 x 480 Go)<\/td><td class=\"column-3\">32 Go (extensible \u00e0 2 x 480 Go)<\/td><td class=\"column-4\">60 Go (extensible \u00e0 2 x 480 Go)<\/td>\n<\/tr>\n<tr class=\"row-8\">\n\t<td class=\"column-1\">Double disque-dur (RAID)<\/td><td class=\"column-2\">Oui (en option)<\/td><td class=\"column-3\">Oui (en option)<\/td><td class=\"column-4\">Oui (en option)<\/td>\n<\/tr>\n<tr class=\"row-9\">\n\t<td colspan=\"4\" class=\"column-1\">Connectivit\u00e9<\/td>\n<\/tr>\n<tr class=\"row-10\">\n\t<td class=\"column-1\">Interfaces r\u00e9seau<\/td><td class=\"column-2\">6 ports Gigabits<\/td><td class=\"column-3\">8 ports Gigabits<\/td><td class=\"column-4\">6 ports Gigabits<br \/>\n2 ports SFP+ 10 Gbps<\/td>\n<\/tr>\n<tr class=\"row-11\">\n\t<td class=\"column-1\">Wi-Fi<\/td><td class=\"column-2\">Non<\/td><td class=\"column-3\">Non<\/td><td class=\"column-4\">Non<\/td>\n<\/tr>\n<tr class=\"row-12\">\n\t<td class=\"column-1\">Ports USB<\/td><td class=\"column-2\">2<\/td><td class=\"column-3\">2<\/td><td class=\"column-4\">2<\/td>\n<\/tr>\n<tr class=\"row-13\">\n\t<td class=\"column-1\">Ports HDMI ou VGA<\/td><td class=\"column-2\">1<\/td><td class=\"column-3\">1<\/td><td class=\"column-4\">1<\/td>\n<\/tr>\n<tr class=\"row-14\">\n\t<td colspan=\"4\" class=\"column-1\">Divers<\/td>\n<\/tr>\n<tr class=\"row-15\">\n\t<td class=\"column-1\">Taille<\/td><td class=\"column-2\">43 cm x 25 cm x 4,5 cm<\/td><td class=\"column-3\">43 cm x 25 cm x 4,5 cm<\/td><td class=\"column-4\">43 cm x 25 cm x 4,5 cm<\/td>\n<\/tr>\n<tr class=\"row-16\">\n\t<td class=\"column-1\">Poids<\/td><td class=\"column-2\">4,5 kg<\/td><td class=\"column-3\">4,5 kg<\/td><td class=\"column-4\">5,5 kg<\/td>\n<\/tr>\n<tr class=\"row-17\">\n\t<td class=\"column-1\">Montage en rack<\/td><td class=\"column-2\">Oui<\/td><td class=\"column-3\">Oui<\/td><td class=\"column-4\">Oui<\/td>\n<\/tr>\n<tr class=\"row-18\">\n\t<td class=\"column-1\">Type de refroidissement<\/td><td class=\"column-2\">Actif<\/td><td class=\"column-3\">Actif<\/td><td class=\"column-4\">Actif<\/td>\n<\/tr>\n<tr class=\"row-19\">\n\t<td class=\"column-1\">Garantie mat\u00e9riel<\/td><td class=\"column-2\">3 ans<br \/>\n(extensible \u00e0 5 ans)<\/td><td class=\"column-3\">3 ans<br \/>\n(extensible \u00e0 5 ans)<\/td><td class=\"column-4\">3 ans<br \/>\n(extensible \u00e0 5 ans)<\/td>\n<\/tr>\n<tr class=\"row-20\">\n\t<td class=\"column-1\">Prix H.T.<\/td><td class=\"column-2\">699 \u20ac<\/td><td class=\"column-3\">799 \u20ac<\/td><td class=\"column-4\">1 499 \u20ac<\/td>\n<\/tr>\n<tr class=\"row-21\">\n\t<td class=\"column-1\"><\/td><td class=\"column-2\"><div id=\"prov-ico-pan2\">\u25ba <a href=\"https:\/\/store.provya.fr\/firewall-pour-pfsense\/22-firewall-pour-pfsense-6-ports-gbps-intel-i5-ssd-pme-grands-comptes.html\">Achetez en ligne<\/a><\/div><\/td><td class=\"column-3\"><div id=\"prov-ico-pan2\">\u25ba <a href=\"https:\/\/store.provya.fr\/firewall-pour-pfsense\/43-432-firewall-pro-xtend-pour-pfsense-ou-opnsense-8-ports-gbps-intel-i5-ssd.html\">Achetez en ligne<\/a><\/div><\/td><td class=\"column-4\"><div id=\"prov-ico-pan2\">\u25ba <a href=\"https:\/\/store.provya.fr\/firewall-pour-pfsense\/34-92-firewall-pro-xtra-sfp-pour-pfsense-6-ports-gbps-2-ports-sfp-10-gbps-intel-i7-ssd-grands-comptes.html\">Achetez en ligne<\/a><\/div><\/td>\n<\/tr>\n<\/tbody>\n<\/table>\n<!-- #tablepress-22 from cache -->\n","protected":false},"excerpt":{"rendered":"<p>Tableau comparatif de nos firewall au format BOX (non-rackable) pour pfSense : Tableau comparatif de nos firewall rackable pour pfSense :<\/p>\n","protected":false},"author":1,"featured_media":0,"parent":178,"menu_order":6,"comment_status":"closed","ping_status":"closed","template":"","meta":{"footnotes":""},"class_list":["post-187","page","type-page","status-publish","hentry"],"yoast_head":"<!-- This site is optimized with the Yoast SEO plugin v26.4 - https:\/\/yoast.com\/wordpress\/plugins\/seo\/ -->\n<title>Comparatif firewall pour pfSense - Provya<\/title>\n<meta name=\"description\" content=\"Comparatif de nos appliance firewall pour pfSense - toutes tailles, toutes entreprises - la r\u00e9f\u00e9rence fran\u00e7aise\" \/>\n<meta name=\"robots\" content=\"index, follow, max-snippet:-1, max-image-preview:large, max-video-preview:-1\" \/>\n<link rel=\"canonical\" href=\"https:\/\/provya.fr\/index.php\/firewall-pour-pfsense\/comparatif-firewall\/\" \/>\n<meta property=\"og:locale\" content=\"fr_FR\" \/>\n<meta property=\"og:type\" content=\"article\" \/>\n<meta property=\"og:title\" content=\"Comparatif firewall pour pfSense - Provya\" \/>\n<meta property=\"og:description\" content=\"Comparatif de nos appliance firewall pour pfSense - toutes tailles, toutes entreprises - la r\u00e9f\u00e9rence fran\u00e7aise\" \/>\n<meta property=\"og:url\" content=\"https:\/\/provya.fr\/index.php\/firewall-pour-pfsense\/comparatif-firewall\/\" \/>\n<meta property=\"og:site_name\" content=\"Provya\" \/>\n<meta property=\"article:modified_time\" content=\"2021-10-03T08:38:43+00:00\" \/>\n<meta name=\"twitter:card\" content=\"summary_large_image\" \/>\n<meta name=\"twitter:label1\" content=\"Dur\u00e9e de lecture estim\u00e9e\" \/>\n\t<meta name=\"twitter:data1\" content=\"1 minute\" \/>\n<script type=\"application\/ld+json\" class=\"yoast-schema-graph\">{\"@context\":\"https:\/\/schema.org\",\"@graph\":[{\"@type\":\"WebPage\",\"@id\":\"https:\/\/provya.fr\/index.php\/firewall-pour-pfsense\/comparatif-firewall\/\",\"url\":\"https:\/\/provya.fr\/index.php\/firewall-pour-pfsense\/comparatif-firewall\/\",\"name\":\"Comparatif firewall pour pfSense - Provya\",\"isPartOf\":{\"@id\":\"https:\/\/provya.fr\/#website\"},\"datePublished\":\"2018-01-16T13:46:59+00:00\",\"dateModified\":\"2021-10-03T08:38:43+00:00\",\"description\":\"Comparatif de nos appliance firewall pour pfSense - toutes tailles, toutes entreprises - la r\u00e9f\u00e9rence fran\u00e7aise\",\"breadcrumb\":{\"@id\":\"https:\/\/provya.fr\/index.php\/firewall-pour-pfsense\/comparatif-firewall\/#breadcrumb\"},\"inLanguage\":\"fr-FR\",\"potentialAction\":[{\"@type\":\"ReadAction\",\"target\":[\"https:\/\/provya.fr\/index.php\/firewall-pour-pfsense\/comparatif-firewall\/\"]}]},{\"@type\":\"BreadcrumbList\",\"@id\":\"https:\/\/provya.fr\/index.php\/firewall-pour-pfsense\/comparatif-firewall\/#breadcrumb\",\"itemListElement\":[{\"@type\":\"ListItem\",\"position\":1,\"name\":\"Accueil\",\"item\":\"https:\/\/provya.fr\/\"},{\"@type\":\"ListItem\",\"position\":2,\"name\":\"Firewall pour pfSense et OPNsense\",\"item\":\"https:\/\/provya.fr\/index.php\/firewall-pour-pfsense\/\"},{\"@type\":\"ListItem\",\"position\":3,\"name\":\"Comparatif firewall pour pfSense\"}]},{\"@type\":\"WebSite\",\"@id\":\"https:\/\/provya.fr\/#website\",\"url\":\"https:\/\/provya.fr\/\",\"name\":\"Provya\",\"description\":\"Expertise et firewall pour le logiciel pfSense\",\"potentialAction\":[{\"@type\":\"SearchAction\",\"target\":{\"@type\":\"EntryPoint\",\"urlTemplate\":\"https:\/\/provya.fr\/?s={search_term_string}\"},\"query-input\":{\"@type\":\"PropertyValueSpecification\",\"valueRequired\":true,\"valueName\":\"search_term_string\"}}],\"inLanguage\":\"fr-FR\"}]}<\/script>\n<!-- \/ Yoast SEO plugin. -->","yoast_head_json":{"title":"Comparatif firewall pour pfSense - Provya","description":"Comparatif de nos appliance firewall pour pfSense - toutes tailles, toutes entreprises - la r\u00e9f\u00e9rence fran\u00e7aise","robots":{"index":"index","follow":"follow","max-snippet":"max-snippet:-1","max-image-preview":"max-image-preview:large","max-video-preview":"max-video-preview:-1"},"canonical":"https:\/\/provya.fr\/index.php\/firewall-pour-pfsense\/comparatif-firewall\/","og_locale":"fr_FR","og_type":"article","og_title":"Comparatif firewall pour pfSense - Provya","og_description":"Comparatif de nos appliance firewall pour pfSense - toutes tailles, toutes entreprises - la r\u00e9f\u00e9rence fran\u00e7aise","og_url":"https:\/\/provya.fr\/index.php\/firewall-pour-pfsense\/comparatif-firewall\/","og_site_name":"Provya","article_modified_time":"2021-10-03T08:38:43+00:00","twitter_card":"summary_large_image","twitter_misc":{"Dur\u00e9e de lecture estim\u00e9e":"1 minute"},"schema":{"@context":"https:\/\/schema.org","@graph":[{"@type":"WebPage","@id":"https:\/\/provya.fr\/index.php\/firewall-pour-pfsense\/comparatif-firewall\/","url":"https:\/\/provya.fr\/index.php\/firewall-pour-pfsense\/comparatif-firewall\/","name":"Comparatif firewall pour pfSense - Provya","isPartOf":{"@id":"https:\/\/provya.fr\/#website"},"datePublished":"2018-01-16T13:46:59+00:00","dateModified":"2021-10-03T08:38:43+00:00","description":"Comparatif de nos appliance firewall pour pfSense - toutes tailles, toutes entreprises - la r\u00e9f\u00e9rence fran\u00e7aise","breadcrumb":{"@id":"https:\/\/provya.fr\/index.php\/firewall-pour-pfsense\/comparatif-firewall\/#breadcrumb"},"inLanguage":"fr-FR","potentialAction":[{"@type":"ReadAction","target":["https:\/\/provya.fr\/index.php\/firewall-pour-pfsense\/comparatif-firewall\/"]}]},{"@type":"BreadcrumbList","@id":"https:\/\/provya.fr\/index.php\/firewall-pour-pfsense\/comparatif-firewall\/#breadcrumb","itemListElement":[{"@type":"ListItem","position":1,"name":"Accueil","item":"https:\/\/provya.fr\/"},{"@type":"ListItem","position":2,"name":"Firewall pour pfSense et OPNsense","item":"https:\/\/provya.fr\/index.php\/firewall-pour-pfsense\/"},{"@type":"ListItem","position":3,"name":"Comparatif firewall pour pfSense"}]},{"@type":"WebSite","@id":"https:\/\/provya.fr\/#website","url":"https:\/\/provya.fr\/","name":"Provya","description":"Expertise et firewall pour le logiciel pfSense","potentialAction":[{"@type":"SearchAction","target":{"@type":"EntryPoint","urlTemplate":"https:\/\/provya.fr\/?s={search_term_string}"},"query-input":{"@type":"PropertyValueSpecification","valueRequired":true,"valueName":"search_term_string"}}],"inLanguage":"fr-FR"}]}},"_links":{"self":[{"href":"https:\/\/provya.fr\/index.php\/wp-json\/wp\/v2\/pages\/187","targetHints":{"allow":["GET"]}}],"collection":[{"href":"https:\/\/provya.fr\/index.php\/wp-json\/wp\/v2\/pages"}],"about":[{"href":"https:\/\/provya.fr\/index.php\/wp-json\/wp\/v2\/types\/page"}],"author":[{"embeddable":true,"href":"https:\/\/provya.fr\/index.php\/wp-json\/wp\/v2\/users\/1"}],"replies":[{"embeddable":true,"href":"https:\/\/provya.fr\/index.php\/wp-json\/wp\/v2\/comments?post=187"}],"version-history":[{"count":7,"href":"https:\/\/provya.fr\/index.php\/wp-json\/wp\/v2\/pages\/187\/revisions"}],"predecessor-version":[{"id":548,"href":"https:\/\/provya.fr\/index.php\/wp-json\/wp\/v2\/pages\/187\/revisions\/548"}],"up":[{"embeddable":true,"href":"https:\/\/provya.fr\/index.php\/wp-json\/wp\/v2\/pages\/178"}],"wp:attachment":[{"href":"https:\/\/provya.fr\/index.php\/wp-json\/wp\/v2\/media?parent=187"}],"curies":[{"name":"wp","href":"https:\/\/api.w.org\/{rel}","templated":true}]}}