{"id":7,"date":"2017-09-03T15:31:59","date_gmt":"2017-09-03T13:31:59","guid":{"rendered":"http:\/\/provya.fr\/?page_id=7"},"modified":"2019-04-09T15:43:16","modified_gmt":"2019-04-09T13:43:16","slug":"expertise-pfsense","status":"publish","type":"page","link":"https:\/\/provya.fr\/index.php\/expertise-pfsense\/","title":{"rendered":"Expertise pfSense"},"content":{"rendered":"<h2 style=\"text-align: center;\">Notre expertise sur le logiciel pfSense<\/h2>\n<p>Provya contribue \u00e0 la communaut\u00e9 pfSense depuis de nombreuses ann\u00e9es.<\/p>\n<p>\u00c0 ce titre, nous \u00e9tions membre \u00ab\u00a0Gold\u00a0\u00bb jusqu&rsquo;\u00e0 l&rsquo;arr\u00eat du programme en 2018.<\/p>\n<p>Nous partageons notre savoir-faire \u00e0 travers notre blog <a href=\"https:\/\/provya.net\/\" target=\"_blank\" rel=\"noopener noreferrer\">provya.net<\/a>, qui est aujourd&rsquo;hui la plus grande source documentaire francophone sur le logiciel pfSense.<\/p>\n<p>Provya est votre interlocuteur privil\u00e9gi\u00e9 pour toutes vos probl\u00e9matiques li\u00e9es \u00e0 l&rsquo;utilisation de pfSense.<\/p>\n<h2 style=\"text-align: center;\">Notre p\u00e9rim\u00e8tre d&rsquo;intervention<\/h2>\n<p>Nous intervenons en amont de votre projet pour vous aider \u00e0 d\u00e9finir l&rsquo;architecture la plus adapt\u00e9e et \u00e0 choisir le mat\u00e9riel ad\u00e9quat.<\/p>\n<p>Nous vous avons accompagnons sur la mise en \u0153uvre de votre solution : installation, param\u00e9trage, tests de bon fonctionnement et documentation.<\/p>\n<p>Nous pouvons vous porter assistance de mani\u00e8re ponctuelle et sp\u00e9cifique sur une probl\u00e9matique pr\u00e9cise.<\/p>\n<p>Nous assurons le support (et le cas \u00e9ch\u00e9ant, la maintenance) de votre solution pfSense en vous garantissant un haut degr\u00e9 de service et des prestations de qualit\u00e9.<\/p>\n<p>Nous supportons le logiciel pfSense et ses principaux <em>packages<\/em> : Squid, ntopng, Snort, etc.<\/p>\n<h2 style=\"text-align: center;\">La solution open-source pfSense<\/h2>\n<p><span id=\"result_box\" class=\"\" lang=\"fr\"><span class=\"\">Le logiciel pfSense est une solution compl\u00e8te et hautement configurable qui r\u00e9pond \u00e0 l&rsquo;int\u00e9gralit\u00e9 des besoins de s\u00e9curit\u00e9 des entreprises.<br \/>\n<\/span><\/span><\/p>\n<p>Ses principales fonctionnalit\u00e9s sont les suivantes :<\/p>\n\n<table id=\"tablepress-2\" class=\"tablepress tablepress-id-2 tbody-has-connected-cells\">\n<tbody class=\"row-striping row-hover\">\n<tr class=\"row-1\">\n\t<td colspan=\"3\" class=\"column-1\"><h3>Applications<\/h3><\/td>\n<\/tr>\n<tr class=\"row-2\">\n\t<td class=\"column-1\">Firewall \/ Routeur<br \/>\nServeur VPN (IPsec \/ OpenVPN)<br \/>\nLoad Balancing<br \/>\nPriorisation de trafic<\/td><td class=\"column-2\">Haute disponibilit\u00e9<br \/>\nPortail captif<br \/>\nP\u00e9riph\u00e9rique UTM<br \/>\nServeur DNS \/ DHCP<\/td><td class=\"column-3\">IDS \/ IPS<br \/>\nProxy \/ Proxy transparent<br \/>\nFiltrage de contenu web<br \/>\nEt tellement plus...<\/td>\n<\/tr>\n<\/tbody>\n<\/table>\n<!-- #tablepress-2 from cache -->\n<p>&nbsp;<\/p>\n\n<table id=\"tablepress-3\" class=\"tablepress tablepress-id-3 tbody-has-connected-cells\">\n<tbody class=\"row-striping row-hover\">\n<tr class=\"row-1\">\n\t<td colspan=\"3\" class=\"column-1\"><h3>Fonctionnalit\u00e9s<\/h3><\/td>\n<\/tr>\n<tr class=\"row-2\">\n\t<td class=\"column-1\">Firewall et Routeur<\/td><td class=\"column-2\">VPN<\/td><td class=\"column-3\">Syst\u00e8me de pr\u00e9vention d'intrusion (IPS)<\/td>\n<\/tr>\n<tr class=\"row-3\">\n\t<td class=\"column-1\"><ul><br \/>\n<li>Stateful<\/li><br \/>\n<li>Gestion Multi-WAN et failover<\/li><br \/>\n<li>Support IPv6<\/li><br \/>\n<li>Conditions horaires dans les r\u00e8gles<\/li><br \/>\n<li>Limites de connexions<\/li><br \/>\n<li>DNS dynamique<\/li><br \/>\n<li>Reverse proxy<\/li><br \/>\n<li>NAT &amp; translation de ports<\/li><br \/>\n<li>VLAN (802.1q)<\/li><br \/>\n<li>Routage statique<\/li><br \/>\n<li>Multiples adresses IP par interface<\/li><br \/>\n<li>Serveur DHCP<\/li><br \/>\n<li>Serveur PPPoE<\/li><br \/>\n<\/ul><\/td><td class=\"column-2\"><ul><br \/>\n<li>IPsec et OpenVPN<\/li><br \/>\n<li>VPN SSL<\/li><br \/>\n<li>L2TP\/IPsec pour terminaux mobiles<\/li><br \/>\n<li>Failover des tunnels VPN tunnel<\/li><br \/>\n<li>Authentification des utilisateurs via comptes locaux ou RADIUS\/LDAP<\/li><br \/>\n<li>Portail captif Wifi<\/li><br \/>\n<\/ul><\/td><td class=\"column-3\"><ul><br \/>\n<li>Package Snort<\/li><br \/>\n<li>Gestion des cat\u00e9gories multiples<\/li><br \/>\n<li>Profils de configuration pr\u00e9-rempli<\/li><br \/>\n<li>Suppression des alertes sur faux-positifs<\/li><br \/>\n<li>Blocage GeoIP<\/li><br \/>\n<li>Anti-Spoofing<\/li><br \/>\n<\/ul><\/td>\n<\/tr>\n<tr class=\"row-4\">\n\t<td class=\"column-1\">Fiabilit\u00e9 professionnelle<\/td><td class=\"column-2\">Authentification utilisateurs<\/td><td class=\"column-3\">Proxy et filtrage de contenu<\/td>\n<\/tr>\n<tr class=\"row-5\">\n\t<td class=\"column-1\"><ul><br \/>\n<li>Fonctionnement en cluster haute-disponibilit\u00e9<\/li><br \/>\n<li>R\u00e9partition de charge multi-WAN<\/li><br \/>\n<li>Failover de connexions automatique<\/li><br \/>\n<li>QoS \/ Trafic shaping \/ Limitation de bande-passante<\/li><br \/>\n<li>Quota de volum\u00e9trie par utilisateur<\/li><br \/>\n<\/ul><\/td><td class=\"column-2\"><ul><br \/>\n<li>Base de donn\u00e9es des utilisateurs et groupes locaux<\/li><br \/>\n<li>Assignation des droits par groupe ou par utilisateur<\/li>        <li>Option d'expiration automatique des comptes<\/li><br \/>\n<li>Authentification par RADIUS\/LDAP<\/li><br \/>\n<\/ul><\/td><td class=\"column-3\"><ul><br \/>\n<li>Proxy HTTP et HTTPS<\/li><br \/>\n<li>Fonctionnement transparent ou explicite<\/li><br \/>\n<li>Filtrage de domaines\/URL<\/li><br \/>\n<li>Filtrage anti-virus <\/li>    <li>Mode \"SafeSearch\" pour les moteurs de recherche<\/li><br \/>\n    HTTPS URL and content screening<br \/>\n<li>Reporting sur les acc\u00e8s Web<\/li><br \/>\n<li>Black-list de noms de domaine<\/li><br \/>\n<li>Rapport d'utilisation journalier, mensuel, ...<\/li><br \/>\n<\/ul><\/td>\n<\/tr>\n<\/tbody>\n<\/table>\n<!-- #tablepress-3 from cache -->\n<p>&nbsp;<\/p>\n\n<table id=\"tablepress-5\" class=\"tablepress tablepress-id-5 tbody-has-connected-cells\">\n<tbody class=\"row-striping row-hover\">\n<tr class=\"row-1\">\n\t<td colspan=\"3\" class=\"column-1\"><h3>Administration<\/h3><\/td>\n<\/tr>\n<tr class=\"row-2\">\n\t<td class=\"column-1\">Configuration<\/td><td class=\"column-2\">S\u00e9curit\u00e9<\/td><td class=\"column-3\">Supervision et reporting<\/td>\n<\/tr>\n<tr class=\"row-3\">\n\t<td class=\"column-1\"><ul><br \/>\n<li>Configuration via interface web<\/li><br \/>\n<li>Configuration assist\u00e9e par \"wizard\"<\/li><br \/>\n<li>Administration web distante<\/li><br \/>\n<li>Tableau de bord personnalisable<\/li><br \/>\n<li>Sauvegarde \/ restauration facile<\/li><br \/>\n<li>Import \/ Export de la configuration<\/li><br \/>\n<li>Configuration fine des droits d'acc\u00e8s<\/li><br \/>\n<li>Support multilingues complet<\/li><br \/>\n<li>Mise \u00e0 jour facile<\/li><br \/>\n<li>Acc\u00e8s shell et console avec options de restauration<\/li><br \/>\n<\/ul><\/td><td class=\"column-2\"><ul><br \/>\n<li>Interface HTTPS<\/li><br \/>\n<li>Protection CSRF<\/li><br \/>\n<li>Protection HTTP Referer<\/li><br \/>\n<li>HTTP Strict Transport Security<\/li><br \/>\n<li>Acc\u00e8s SSH optionnel<\/li><br \/>\n<\/ul><\/td><td class=\"column-3\"><ul><br \/>\n<li>Tableau de bord avec Widgets personnalisables<\/li><br \/>\n<li>Journalisation (log) locale et distante<\/li><br \/>\n<li>Graphiques de consommations de ressources<\/li><br \/>\n<li>Graphiques de suivi du trafic en temps-r\u00e9el<\/li><br \/>\n<li>Supervision SNMP<\/li><br \/>\n<li>Notifications par l'interface web, SMTP ou Growl<\/li><br \/>\n<li>Supervision hardware<\/li><br \/>\n<li>Outils de diagnostiques r\u00e9seau avanc\u00e9s<\/li><br \/>\n<\/ul><\/td>\n<\/tr>\n<\/tbody>\n<\/table>\n<!-- #tablepress-5 from cache -->\n<p>&nbsp;<\/p>\n<p>Apprenez-en davantage sur le logiciel pfSense\u00ae directement depuis son <a href=\"https:\/\/www.pfsense.org\/\" target=\"_blank\" rel=\"noopener noreferrer\">site officiel<\/a><\/p>\n","protected":false},"excerpt":{"rendered":"<p>Notre expertise sur le logiciel pfSense Provya contribue \u00e0 la communaut\u00e9 pfSense depuis de nombreuses ann\u00e9es. \u00c0 ce titre, nous \u00e9tions membre \u00ab\u00a0Gold\u00a0\u00bb jusqu&rsquo;\u00e0 l&rsquo;arr\u00eat du programme en 2018. Nous partageons notre savoir-faire \u00e0 travers notre blog provya.net, qui est aujourd&rsquo;hui la plus grande source documentaire francophone sur le logiciel pfSense. Provya est votre interlocuteur [&hellip;]<\/p>\n","protected":false},"author":1,"featured_media":0,"parent":0,"menu_order":0,"comment_status":"closed","ping_status":"closed","template":"","meta":{"footnotes":""},"class_list":["post-7","page","type-page","status-publish","hentry"],"yoast_head":"<!-- This site is optimized with the Yoast SEO plugin v26.4 - https:\/\/yoast.com\/wordpress\/plugins\/seo\/ -->\n<title>Expertise pfSense - Provya<\/title>\n<meta name=\"robots\" content=\"index, follow, max-snippet:-1, max-image-preview:large, max-video-preview:-1\" \/>\n<link rel=\"canonical\" href=\"https:\/\/provya.fr\/index.php\/expertise-pfsense\/\" \/>\n<meta property=\"og:locale\" content=\"fr_FR\" \/>\n<meta property=\"og:type\" content=\"article\" \/>\n<meta property=\"og:title\" content=\"Expertise pfSense - Provya\" \/>\n<meta property=\"og:description\" content=\"Notre expertise sur le logiciel pfSense Provya contribue \u00e0 la communaut\u00e9 pfSense depuis de nombreuses ann\u00e9es. \u00c0 ce titre, nous \u00e9tions membre \u00ab\u00a0Gold\u00a0\u00bb jusqu&rsquo;\u00e0 l&rsquo;arr\u00eat du programme en 2018. Nous partageons notre savoir-faire \u00e0 travers notre blog provya.net, qui est aujourd&rsquo;hui la plus grande source documentaire francophone sur le logiciel pfSense. Provya est votre interlocuteur [&hellip;]\" \/>\n<meta property=\"og:url\" content=\"https:\/\/provya.fr\/index.php\/expertise-pfsense\/\" \/>\n<meta property=\"og:site_name\" content=\"Provya\" \/>\n<meta property=\"article:modified_time\" content=\"2019-04-09T13:43:16+00:00\" \/>\n<meta name=\"twitter:card\" content=\"summary_large_image\" \/>\n<meta name=\"twitter:label1\" content=\"Dur\u00e9e de lecture estim\u00e9e\" \/>\n\t<meta name=\"twitter:data1\" content=\"1 minute\" \/>\n<script type=\"application\/ld+json\" class=\"yoast-schema-graph\">{\"@context\":\"https:\/\/schema.org\",\"@graph\":[{\"@type\":\"WebPage\",\"@id\":\"https:\/\/provya.fr\/index.php\/expertise-pfsense\/\",\"url\":\"https:\/\/provya.fr\/index.php\/expertise-pfsense\/\",\"name\":\"Expertise pfSense - Provya\",\"isPartOf\":{\"@id\":\"https:\/\/provya.fr\/#website\"},\"datePublished\":\"2017-09-03T13:31:59+00:00\",\"dateModified\":\"2019-04-09T13:43:16+00:00\",\"breadcrumb\":{\"@id\":\"https:\/\/provya.fr\/index.php\/expertise-pfsense\/#breadcrumb\"},\"inLanguage\":\"fr-FR\",\"potentialAction\":[{\"@type\":\"ReadAction\",\"target\":[\"https:\/\/provya.fr\/index.php\/expertise-pfsense\/\"]}]},{\"@type\":\"BreadcrumbList\",\"@id\":\"https:\/\/provya.fr\/index.php\/expertise-pfsense\/#breadcrumb\",\"itemListElement\":[{\"@type\":\"ListItem\",\"position\":1,\"name\":\"Accueil\",\"item\":\"https:\/\/provya.fr\/\"},{\"@type\":\"ListItem\",\"position\":2,\"name\":\"Expertise pfSense\"}]},{\"@type\":\"WebSite\",\"@id\":\"https:\/\/provya.fr\/#website\",\"url\":\"https:\/\/provya.fr\/\",\"name\":\"Provya\",\"description\":\"Expertise et firewall pour le logiciel pfSense\",\"potentialAction\":[{\"@type\":\"SearchAction\",\"target\":{\"@type\":\"EntryPoint\",\"urlTemplate\":\"https:\/\/provya.fr\/?s={search_term_string}\"},\"query-input\":{\"@type\":\"PropertyValueSpecification\",\"valueRequired\":true,\"valueName\":\"search_term_string\"}}],\"inLanguage\":\"fr-FR\"}]}<\/script>\n<!-- \/ Yoast SEO plugin. -->","yoast_head_json":{"title":"Expertise pfSense - Provya","robots":{"index":"index","follow":"follow","max-snippet":"max-snippet:-1","max-image-preview":"max-image-preview:large","max-video-preview":"max-video-preview:-1"},"canonical":"https:\/\/provya.fr\/index.php\/expertise-pfsense\/","og_locale":"fr_FR","og_type":"article","og_title":"Expertise pfSense - Provya","og_description":"Notre expertise sur le logiciel pfSense Provya contribue \u00e0 la communaut\u00e9 pfSense depuis de nombreuses ann\u00e9es. \u00c0 ce titre, nous \u00e9tions membre \u00ab\u00a0Gold\u00a0\u00bb jusqu&rsquo;\u00e0 l&rsquo;arr\u00eat du programme en 2018. Nous partageons notre savoir-faire \u00e0 travers notre blog provya.net, qui est aujourd&rsquo;hui la plus grande source documentaire francophone sur le logiciel pfSense. Provya est votre interlocuteur [&hellip;]","og_url":"https:\/\/provya.fr\/index.php\/expertise-pfsense\/","og_site_name":"Provya","article_modified_time":"2019-04-09T13:43:16+00:00","twitter_card":"summary_large_image","twitter_misc":{"Dur\u00e9e de lecture estim\u00e9e":"1 minute"},"schema":{"@context":"https:\/\/schema.org","@graph":[{"@type":"WebPage","@id":"https:\/\/provya.fr\/index.php\/expertise-pfsense\/","url":"https:\/\/provya.fr\/index.php\/expertise-pfsense\/","name":"Expertise pfSense - Provya","isPartOf":{"@id":"https:\/\/provya.fr\/#website"},"datePublished":"2017-09-03T13:31:59+00:00","dateModified":"2019-04-09T13:43:16+00:00","breadcrumb":{"@id":"https:\/\/provya.fr\/index.php\/expertise-pfsense\/#breadcrumb"},"inLanguage":"fr-FR","potentialAction":[{"@type":"ReadAction","target":["https:\/\/provya.fr\/index.php\/expertise-pfsense\/"]}]},{"@type":"BreadcrumbList","@id":"https:\/\/provya.fr\/index.php\/expertise-pfsense\/#breadcrumb","itemListElement":[{"@type":"ListItem","position":1,"name":"Accueil","item":"https:\/\/provya.fr\/"},{"@type":"ListItem","position":2,"name":"Expertise pfSense"}]},{"@type":"WebSite","@id":"https:\/\/provya.fr\/#website","url":"https:\/\/provya.fr\/","name":"Provya","description":"Expertise et firewall pour le logiciel pfSense","potentialAction":[{"@type":"SearchAction","target":{"@type":"EntryPoint","urlTemplate":"https:\/\/provya.fr\/?s={search_term_string}"},"query-input":{"@type":"PropertyValueSpecification","valueRequired":true,"valueName":"search_term_string"}}],"inLanguage":"fr-FR"}]}},"_links":{"self":[{"href":"https:\/\/provya.fr\/index.php\/wp-json\/wp\/v2\/pages\/7","targetHints":{"allow":["GET"]}}],"collection":[{"href":"https:\/\/provya.fr\/index.php\/wp-json\/wp\/v2\/pages"}],"about":[{"href":"https:\/\/provya.fr\/index.php\/wp-json\/wp\/v2\/types\/page"}],"author":[{"embeddable":true,"href":"https:\/\/provya.fr\/index.php\/wp-json\/wp\/v2\/users\/1"}],"replies":[{"embeddable":true,"href":"https:\/\/provya.fr\/index.php\/wp-json\/wp\/v2\/comments?post=7"}],"version-history":[{"count":16,"href":"https:\/\/provya.fr\/index.php\/wp-json\/wp\/v2\/pages\/7\/revisions"}],"predecessor-version":[{"id":407,"href":"https:\/\/provya.fr\/index.php\/wp-json\/wp\/v2\/pages\/7\/revisions\/407"}],"wp:attachment":[{"href":"https:\/\/provya.fr\/index.php\/wp-json\/wp\/v2\/media?parent=7"}],"curies":[{"name":"wp","href":"https:\/\/api.w.org\/{rel}","templated":true}]}}