{"id":9,"date":"2017-09-03T15:32:21","date_gmt":"2017-09-03T13:32:21","guid":{"rendered":"http:\/\/provya.fr\/?page_id=9"},"modified":"2018-12-30T17:48:15","modified_gmt":"2018-12-30T16:48:15","slug":"telephonie-hebergee","status":"publish","type":"page","link":"https:\/\/provya.fr\/index.php\/telephonie-hebergee\/","title":{"rendered":"T\u00e9l\u00e9phonie h\u00e9berg\u00e9e"},"content":{"rendered":"<p>Page en construction&#8230; !<\/p>\n","protected":false},"excerpt":{"rendered":"<p>Page en construction&#8230; !<\/p>\n","protected":false},"author":1,"featured_media":0,"parent":0,"menu_order":0,"comment_status":"closed","ping_status":"closed","template":"","meta":{"footnotes":""},"class_list":["post-9","page","type-page","status-publish","hentry"],"yoast_head":"<!-- This site is optimized with the Yoast SEO plugin v26.4 - https:\/\/yoast.com\/wordpress\/plugins\/seo\/ -->\n<title>T\u00e9l\u00e9phonie h\u00e9berg\u00e9e - Provya<\/title>\n<meta name=\"robots\" content=\"index, follow, max-snippet:-1, max-image-preview:large, max-video-preview:-1\" \/>\n<link rel=\"canonical\" href=\"https:\/\/provya.fr\/index.php\/telephonie-hebergee\/\" \/>\n<meta property=\"og:locale\" content=\"fr_FR\" \/>\n<meta property=\"og:type\" content=\"article\" \/>\n<meta property=\"og:title\" content=\"T\u00e9l\u00e9phonie h\u00e9berg\u00e9e - Provya\" \/>\n<meta property=\"og:description\" content=\"Page en construction&#8230; !\" \/>\n<meta property=\"og:url\" content=\"https:\/\/provya.fr\/index.php\/telephonie-hebergee\/\" \/>\n<meta property=\"og:site_name\" content=\"Provya\" \/>\n<meta property=\"article:modified_time\" content=\"2018-12-30T16:48:15+00:00\" \/>\n<meta name=\"twitter:card\" content=\"summary_large_image\" \/>\n<script type=\"application\/ld+json\" class=\"yoast-schema-graph\">{\"@context\":\"https:\/\/schema.org\",\"@graph\":[{\"@type\":\"WebPage\",\"@id\":\"https:\/\/provya.fr\/index.php\/telephonie-hebergee\/\",\"url\":\"https:\/\/provya.fr\/index.php\/telephonie-hebergee\/\",\"name\":\"T\u00e9l\u00e9phonie h\u00e9berg\u00e9e - Provya\",\"isPartOf\":{\"@id\":\"https:\/\/provya.fr\/#website\"},\"datePublished\":\"2017-09-03T13:32:21+00:00\",\"dateModified\":\"2018-12-30T16:48:15+00:00\",\"breadcrumb\":{\"@id\":\"https:\/\/provya.fr\/index.php\/telephonie-hebergee\/#breadcrumb\"},\"inLanguage\":\"fr-FR\",\"potentialAction\":[{\"@type\":\"ReadAction\",\"target\":[\"https:\/\/provya.fr\/index.php\/telephonie-hebergee\/\"]}]},{\"@type\":\"BreadcrumbList\",\"@id\":\"https:\/\/provya.fr\/index.php\/telephonie-hebergee\/#breadcrumb\",\"itemListElement\":[{\"@type\":\"ListItem\",\"position\":1,\"name\":\"Accueil\",\"item\":\"https:\/\/provya.fr\/\"},{\"@type\":\"ListItem\",\"position\":2,\"name\":\"T\u00e9l\u00e9phonie h\u00e9berg\u00e9e\"}]},{\"@type\":\"WebSite\",\"@id\":\"https:\/\/provya.fr\/#website\",\"url\":\"https:\/\/provya.fr\/\",\"name\":\"Provya\",\"description\":\"Expertise et firewall pour le logiciel pfSense\",\"potentialAction\":[{\"@type\":\"SearchAction\",\"target\":{\"@type\":\"EntryPoint\",\"urlTemplate\":\"https:\/\/provya.fr\/?s={search_term_string}\"},\"query-input\":{\"@type\":\"PropertyValueSpecification\",\"valueRequired\":true,\"valueName\":\"search_term_string\"}}],\"inLanguage\":\"fr-FR\"}]}<\/script>\n<!-- \/ Yoast SEO plugin. -->","yoast_head_json":{"title":"T\u00e9l\u00e9phonie h\u00e9berg\u00e9e - Provya","robots":{"index":"index","follow":"follow","max-snippet":"max-snippet:-1","max-image-preview":"max-image-preview:large","max-video-preview":"max-video-preview:-1"},"canonical":"https:\/\/provya.fr\/index.php\/telephonie-hebergee\/","og_locale":"fr_FR","og_type":"article","og_title":"T\u00e9l\u00e9phonie h\u00e9berg\u00e9e - Provya","og_description":"Page en construction&#8230; !","og_url":"https:\/\/provya.fr\/index.php\/telephonie-hebergee\/","og_site_name":"Provya","article_modified_time":"2018-12-30T16:48:15+00:00","twitter_card":"summary_large_image","schema":{"@context":"https:\/\/schema.org","@graph":[{"@type":"WebPage","@id":"https:\/\/provya.fr\/index.php\/telephonie-hebergee\/","url":"https:\/\/provya.fr\/index.php\/telephonie-hebergee\/","name":"T\u00e9l\u00e9phonie h\u00e9berg\u00e9e - Provya","isPartOf":{"@id":"https:\/\/provya.fr\/#website"},"datePublished":"2017-09-03T13:32:21+00:00","dateModified":"2018-12-30T16:48:15+00:00","breadcrumb":{"@id":"https:\/\/provya.fr\/index.php\/telephonie-hebergee\/#breadcrumb"},"inLanguage":"fr-FR","potentialAction":[{"@type":"ReadAction","target":["https:\/\/provya.fr\/index.php\/telephonie-hebergee\/"]}]},{"@type":"BreadcrumbList","@id":"https:\/\/provya.fr\/index.php\/telephonie-hebergee\/#breadcrumb","itemListElement":[{"@type":"ListItem","position":1,"name":"Accueil","item":"https:\/\/provya.fr\/"},{"@type":"ListItem","position":2,"name":"T\u00e9l\u00e9phonie h\u00e9berg\u00e9e"}]},{"@type":"WebSite","@id":"https:\/\/provya.fr\/#website","url":"https:\/\/provya.fr\/","name":"Provya","description":"Expertise et firewall pour le logiciel pfSense","potentialAction":[{"@type":"SearchAction","target":{"@type":"EntryPoint","urlTemplate":"https:\/\/provya.fr\/?s={search_term_string}"},"query-input":{"@type":"PropertyValueSpecification","valueRequired":true,"valueName":"search_term_string"}}],"inLanguage":"fr-FR"}]}},"_links":{"self":[{"href":"https:\/\/provya.fr\/index.php\/wp-json\/wp\/v2\/pages\/9","targetHints":{"allow":["GET"]}}],"collection":[{"href":"https:\/\/provya.fr\/index.php\/wp-json\/wp\/v2\/pages"}],"about":[{"href":"https:\/\/provya.fr\/index.php\/wp-json\/wp\/v2\/types\/page"}],"author":[{"embeddable":true,"href":"https:\/\/provya.fr\/index.php\/wp-json\/wp\/v2\/users\/1"}],"replies":[{"embeddable":true,"href":"https:\/\/provya.fr\/index.php\/wp-json\/wp\/v2\/comments?post=9"}],"version-history":[{"count":3,"href":"https:\/\/provya.fr\/index.php\/wp-json\/wp\/v2\/pages\/9\/revisions"}],"predecessor-version":[{"id":265,"href":"https:\/\/provya.fr\/index.php\/wp-json\/wp\/v2\/pages\/9\/revisions\/265"}],"wp:attachment":[{"href":"https:\/\/provya.fr\/index.php\/wp-json\/wp\/v2\/media?parent=9"}],"curies":[{"name":"wp","href":"https:\/\/api.w.org\/{rel}","templated":true}]}}